{"id":998,"date":"2019-11-27T09:45:12","date_gmt":"2019-11-27T08:45:12","guid":{"rendered":"http:\/\/www.stalprofil.se\/about-us\/"},"modified":"2023-03-20T12:32:02","modified_gmt":"2023-03-20T11:32:02","slug":"about-us","status":"publish","type":"page","link":"https:\/\/www.stalprofil.se\/en\/about-us\/","title":{"rendered":"About us"},"content":{"rendered":"<div class=\"wpb-content-wrapper\"><p>[vc_row top_padding=&#8221;40&#8243;][vc_column text_align=&#8221;center&#8221; width=&#8221;1\/1&#8243;][vc_column_text]<\/p>\n<h2>We are steel profile experts<\/h2>\n<p>St\u00e5lprofil currently employs about 30 people who develop and supply secure, durable steel profiles for public settings worldwide.<\/p>\n<p>We are a quick, skilled and reliable supplier that always has a focus on customers. We are driven by making the impossible profile possible, and by finding solutions no one believed were available. We do not follow developments \u2013 we drive them![\/vc_column_text][\/vc_column][\/vc_row][vc_row type=&#8221;full_width_section&#8221; top_padding=&#8221;40&#8243;][vc_column el_class=&#8221;this_box_height&#8221; bg_color=&#8221;#d4dde5&#8243; column_padding=&#8221;padding-2&#8243; column_center=&#8221;true&#8221; width=&#8221;1\/3&#8243;]<div class=\"imagebox wpb_content_element style-2\">\n<h3>From family company to global supplier<\/h3>\n<p>St\u00e5lprofil was founded in 1987 by Per-Uno Hafstr\u00f6m in V\u00e5rg\u00e5rda. Today our office and production are in Uddevalla. Several members of the family have been part of the company\u2019s journey since then, and St\u00e5lprofil is now the perfect blend of yesterday and today \u2013 where experience and young, curious employees drive and refine our business and products together.<\/div>[\/vc_column][vc_column el_class=&#8221;this_box_height&#8221; bg_image=&#8221;87&#8243; column_padding=&#8221;padding-3&#8243; column_center=&#8221;true&#8221; text_align=&#8221;center&#8221; width=&#8221;1\/3&#8243;]<div class=\"imagebox wpb_content_element style-2\"><\/div>[\/vc_column][vc_column el_class=&#8221;this_box_height&#8221; bg_color=&#8221;#d7d0cb&#8221; column_padding=&#8221;padding-3&#8243; column_center=&#8221;true&#8221; text_align=&#8221;center&#8221; width=&#8221;1\/3&#8243;]<div class=\"imagebox wpb_content_element style-2\">\n<h2>We are experts in our product and together, we can deliver steel profiles that no one believed were possible.<\/h2>\n<\/div>[\/vc_column][\/vc_row][vc_row type=&#8221;full_width_section&#8221;][vc_column el_class=&#8221;this_box_height&#8221; bg_color=&#8221;#d4dde5&#8243; bg_image=&#8221;103&#8243; column_padding=&#8221;padding-3&#8243; column_center=&#8221;true&#8221; width=&#8221;1\/3&#8243;]<div class=\"imagebox wpb_content_element style-2\"><\/div>[\/vc_column][vc_column el_class=&#8221;this_box_height&#8221; bg_color=&#8221;#c19c5f&#8221; column_padding=&#8221;padding-2&#8243; column_center=&#8221;true&#8221; width=&#8221;1\/3&#8243;]<div class=\"imagebox wpb_content_element style-2\">\n<h3>Impressively quick and reliable<\/h3>\n<p>Try for yourself and you\u2019ll see. We always listen to your wishes and thanks to our modern factory and a solution-oriented approach, we can produce unique profiles. We value being flexible and available, because we know our customers appreciate it.<\/div>[\/vc_column][vc_column el_class=&#8221;this_box_height&#8221; bg_color=&#8221;#d7d0cb&#8221; bg_image=&#8221;104&#8243; column_padding=&#8221;padding-3&#8243; column_center=&#8221;true&#8221; text_align=&#8221;center&#8221; width=&#8221;1\/3&#8243;]<div class=\"imagebox wpb_content_element style-2\"><\/div>[\/vc_column][\/vc_row]<\/p>\n<\/div>","protected":false},"excerpt":{"rendered":"<p>[vc_row top_padding=&#8221;40&#8243;][vc_column text_align=&#8221;center&#8221; width=&#8221;1\/1&#8243;][vc_column_text] We are steel profile experts St\u00e5lprofil currently employs about 30 people who develop and supply secure, durable steel profiles for public settings worldwide. We are a quick, skilled and reliable supplier that always has a focus on customers. We are driven by making the impossible profile possible, and by finding solutions no one believed were available. We do not follow developments \u2013 we drive them![\/vc_column_text][\/vc_column][\/vc_row][vc_row type=&#8221;full_width_section&#8221; top_padding=&#8221;40&#8243;][vc_column el_class=&#8221;this_box_height&#8221; bg_color=&#8221;#d4dde5&#8243; column_padding=&#8221;padding-2&#8243; column_center=&#8221;true&#8221; width=&#8221;1\/3&#8243;][\/vc_column][vc_column el_class=&#8221;this_box_height&#8221; bg_image=&#8221;87&#8243; column_padding=&#8221;padding-3&#8243; column_center=&#8221;true&#8221; text_align=&#8221;center&#8221; width=&#8221;1\/3&#8243;][\/vc_column][vc_column el_class=&#8221;this_box_height&#8221; bg_color=&#8221;#d7d0cb&#8221; column_padding=&#8221;padding-3&#8243; column_center=&#8221;true&#8221; text_align=&#8221;center&#8221; width=&#8221;1\/3&#8243;][\/vc_column][\/vc_row][vc_row type=&#8221;full_width_section&#8221;][vc_column el_class=&#8221;this_box_height&#8221; bg_color=&#8221;#d4dde5&#8243; bg_image=&#8221;103&#8243; column_padding=&#8221;padding-3&#8243; column_center=&#8221;true&#8221; width=&#8221;1\/3&#8243;][\/vc_column][vc_column el_class=&#8221;this_box_height&#8221; bg_color=&#8221;#c19c5f&#8221; column_padding=&#8221;padding-2&#8243; column_center=&#8221;true&#8221; width=&#8221;1\/3&#8243;][\/vc_column][vc_column el_class=&#8221;this_box_height&#8221; bg_color=&#8221;#d7d0cb&#8221; bg_image=&#8221;104&#8243; column_padding=&#8221;padding-3&#8243; column_center=&#8221;true&#8221; text_align=&#8221;center&#8221; width=&#8221;1\/3&#8243;][\/vc_column][\/vc_row]<\/p>\n","protected":false},"author":1,"featured_media":0,"parent":0,"menu_order":0,"comment_status":"closed","ping_status":"closed","template":"","meta":{"footnotes":""},"class_list":["post-998","page","type-page","status-publish","hentry"],"_links":{"self":[{"href":"https:\/\/www.stalprofil.se\/en\/wp-json\/wp\/v2\/pages\/998","targetHints":{"allow":["GET"]}}],"collection":[{"href":"https:\/\/www.stalprofil.se\/en\/wp-json\/wp\/v2\/pages"}],"about":[{"href":"https:\/\/www.stalprofil.se\/en\/wp-json\/wp\/v2\/types\/page"}],"author":[{"embeddable":true,"href":"https:\/\/www.stalprofil.se\/en\/wp-json\/wp\/v2\/users\/1"}],"replies":[{"embeddable":true,"href":"https:\/\/www.stalprofil.se\/en\/wp-json\/wp\/v2\/comments?post=998"}],"version-history":[{"count":3,"href":"https:\/\/www.stalprofil.se\/en\/wp-json\/wp\/v2\/pages\/998\/revisions"}],"predecessor-version":[{"id":4145,"href":"https:\/\/www.stalprofil.se\/en\/wp-json\/wp\/v2\/pages\/998\/revisions\/4145"}],"wp:attachment":[{"href":"https:\/\/www.stalprofil.se\/en\/wp-json\/wp\/v2\/media?parent=998"}],"curies":[{"name":"wp","href":"https:\/\/api.w.org\/{rel}","templated":true}]}}