{"id":1174,"date":"2019-12-16T08:08:54","date_gmt":"2019-12-16T07:08:54","guid":{"rendered":"http:\/\/www.stalprofil.se\/downloads\/terms\/"},"modified":"2025-01-20T08:26:25","modified_gmt":"2025-01-20T07:26:25","slug":"terms","status":"publish","type":"page","link":"https:\/\/www.stalprofil.se\/en\/downloads\/terms\/","title":{"rendered":"Terms"},"content":{"rendered":"<div class=\"wpb-content-wrapper\"><p>[vc_row][vc_column width=&#8221;1\/1&#8243;][vc_column_text]<\/p>\n<h1>Information and general conditions<\/h1>\n<p>St\u00e5lprofil AB develops and sells insulated and uninsulated profile systems in steel and stainless steel (EN 1.4404 \/ AISI 316L) for use in the manufacture of glazed facade, wall, windows, door and sliding doors. The manufactured batches can be cold or heat insulated, fire-, shot- and burglary protected and durable. The profile systems are intended for internal and external parties, such as office and business premises, schools, banks, shopping centers, airports, embassies, prisons, hotels, hospitals, service houses, etc. The stainless steel profile systems are acid-proof.<\/p>\n<p>[\/vc_column_text][\/vc_column][\/vc_row][vc_row][vc_column width=&#8221;1\/1&#8243;][vc_column_text]<\/p>\n<hr \/>\n<p>[\/vc_column_text][\/vc_column][\/vc_row][vc_row top_padding=&#8221;40px&#8221;][vc_column width=&#8221;1\/1&#8243;][vc_column_text]<strong><a href=\"\/wp-content\/uploads\/2019\/12\/Information_and_General_Conditions.pdf\" target=\"_blank\" rel=\"noopener noreferrer\">Information and general conditions<\/a><\/strong><\/p>\n<p><strong><a href=\"\/wp-content\/uploads\/2019\/12\/Stalprofil_General_Sales_Conditions_2017-03-24.pdf\" target=\"_blank\" rel=\"noopener noreferrer\">St\u00e5lprofil General Sales Conditions<\/a><\/strong><\/p>\n<p><strong><a href=\"\/wp-content\/uploads\/2019\/12\/Stalprofil_General_Sales_Conditions_for_Hardware_2017-03-24.pdf\" target=\"_blank\" rel=\"noopener noreferrer\">St\u00e5lprofil General Sales Conditions For Hardware<\/a><\/strong><\/p>\n<p><strong><a href=\"\/wp-content\/uploads\/2019\/12\/EULA_KBK_2013-02-15.pdf\" target=\"_blank\" rel=\"noopener noreferrer\">St\u00e5lprofil KBK End User Licence Agreement (EULA)<\/a><\/strong><\/p>\n<p><strong><a href=\"\/wp-content\/uploads\/2019\/12\/Stalprofil_GDPR_EN_2018-05-25.pdf\" target=\"_blank\" rel=\"noopener noreferrer\">St\u00e5lprofil General Data Protection Regulation (GDPR)<\/a><\/strong><\/p>\n<p><span data-olk-copy-source=\"MessageBody\"><a title=\"https:\/\/www.stabalux.com\/en\/terms-and-conditions\/\" href=\"https:\/\/www.stabalux.com\/en\/terms-and-conditions\/\" target=\"_blank\" rel=\"noopener\" data-auth=\"NotApplicable\" data-linkindex=\"4\"><strong>General terms and conditions St\u00e5lprofil concept SP 600<\/strong><\/a><\/span>[\/vc_column_text][\/vc_column][\/vc_row][vc_row][vc_column width=&#8221;1\/1&#8243;][vc_column_text]<\/p>\n<hr \/>\n<p>[\/vc_column_text][\/vc_column][\/vc_row]<\/p>\n<\/div>","protected":false},"excerpt":{"rendered":"<p>[vc_row][vc_column width=&#8221;1\/1&#8243;][vc_column_text] Information and general conditions St\u00e5lprofil AB develops and sells insulated and uninsulated profile systems in steel and stainless steel (EN 1.4404 \/ AISI 316L) for use in the manufacture of glazed facade, wall, windows, door and sliding doors. The manufactured batches can be cold or heat insulated, fire-, shot- and burglary protected and durable. The profile systems are intended for internal and external parties, such as office and business premises, schools, banks, shopping centers, airports, embassies, prisons, hotels, hospitals, service houses, etc. The stainless steel profile systems are acid-proof. [\/vc_column_text][\/vc_column][\/vc_row][vc_row][vc_column width=&#8221;1\/1&#8243;][vc_column_text] [\/vc_column_text][\/vc_column][\/vc_row][vc_row top_padding=&#8221;40px&#8221;][vc_column width=&#8221;1\/1&#8243;][vc_column_text]Information and general conditions St\u00e5lprofil General Sales Conditions St\u00e5lprofil General Sales Conditions For Hardware St\u00e5lprofil KBK End User Licence Agreement (EULA) St\u00e5lprofil General Data Protection Regulation (GDPR) General terms and conditions St\u00e5lprofil concept SP 600[\/vc_column_text][\/vc_column][\/vc_row][vc_row][vc_column width=&#8221;1\/1&#8243;][vc_column_text] [\/vc_column_text][\/vc_column][\/vc_row]<\/p>\n","protected":false},"author":1,"featured_media":0,"parent":1055,"menu_order":0,"comment_status":"closed","ping_status":"closed","template":"","meta":{"footnotes":""},"class_list":["post-1174","page","type-page","status-publish","hentry"],"_links":{"self":[{"href":"https:\/\/www.stalprofil.se\/en\/wp-json\/wp\/v2\/pages\/1174","targetHints":{"allow":["GET"]}}],"collection":[{"href":"https:\/\/www.stalprofil.se\/en\/wp-json\/wp\/v2\/pages"}],"about":[{"href":"https:\/\/www.stalprofil.se\/en\/wp-json\/wp\/v2\/types\/page"}],"author":[{"embeddable":true,"href":"https:\/\/www.stalprofil.se\/en\/wp-json\/wp\/v2\/users\/1"}],"replies":[{"embeddable":true,"href":"https:\/\/www.stalprofil.se\/en\/wp-json\/wp\/v2\/comments?post=1174"}],"version-history":[{"count":8,"href":"https:\/\/www.stalprofil.se\/en\/wp-json\/wp\/v2\/pages\/1174\/revisions"}],"predecessor-version":[{"id":5639,"href":"https:\/\/www.stalprofil.se\/en\/wp-json\/wp\/v2\/pages\/1174\/revisions\/5639"}],"up":[{"embeddable":true,"href":"https:\/\/www.stalprofil.se\/en\/wp-json\/wp\/v2\/pages\/1055"}],"wp:attachment":[{"href":"https:\/\/www.stalprofil.se\/en\/wp-json\/wp\/v2\/media?parent=1174"}],"curies":[{"name":"wp","href":"https:\/\/api.w.org\/{rel}","templated":true}]}}