{"id":1067,"date":"2019-12-04T15:46:43","date_gmt":"2019-12-04T14:46:43","guid":{"rendered":"http:\/\/www.stalprofil.se\/downloads\/manufacturers-in-sweden\/"},"modified":"2023-08-08T12:36:04","modified_gmt":"2023-08-08T10:36:04","slug":"manufacturers-in-sweden","status":"publish","type":"page","link":"https:\/\/www.stalprofil.se\/en\/downloads\/manufacturers-in-sweden\/","title":{"rendered":"Manufacturers in Sweden"},"content":{"rendered":"<div class=\"wpb-content-wrapper\"><p>[vc_row][vc_column width=&#8221;1\/1&#8243;][vc_column_text]<\/p>\n<h1>Manufacturers in Sweden<\/h1>\n<p>[\/vc_column_text][\/vc_column][\/vc_row][vc_row top_padding=&#8221;40px&#8221;][vc_column width=&#8221;1\/1&#8243;][vc_column_text]This is a list of manufacturers of our profiles in Sweden. The manufacturers are under third-party control by RI.SE in order to produce and label fire-rated sections according to Type Approval Certificates.<\/p>\n<p><a href=\"https:\/\/www.stalprofil.se\/wp-content\/uploads\/2022\/11\/tillverkarelista_December_2022.pdf\" target=\"_blank\" rel=\"noopener\">Click here to download our manufacturer list as a PDF<\/a>[\/vc_column_text][\/vc_column][\/vc_row][vc_row][vc_column width=&#8221;1\/1&#8243;][vc_column_text]<\/p>\n<hr \/>\n<p>[\/vc_column_text][\/vc_column][\/vc_row][vc_row][vc_column width=&#8221;1\/2&#8243;][vc_column_text]<strong>ALAB<\/strong><br \/>\nKarlsviken 102,<br \/>\n890 54 TREH\u00d6RNINGSJ\u00d6<br \/>\nTel. 0662 \u2013 51 21 00<br \/>\n<a href=\"mailto:info@alab.com\">info@alab.com<\/a><br \/>\n<a href=\"https:\/\/www.alab.com\" target=\"_blank\" rel=\"noopener noreferrer\">www.alab.com<\/a><\/p>\n<p><strong>EAB AB<\/strong><br \/>\nSt\u00e5lgatan 2,<br \/>\n333 33 SM\u00c5LANDSSTENAR<br \/>\nTel. 0371 \u2013 34 000<br \/>\n<a href=\"mailto:info@eab.se\">info@eab.se<\/a><br \/>\n<a href=\"http:\/\/www.eab.se\" target=\"_blank\" rel=\"noopener noreferrer\">www.eab.se<\/a><\/p>\n<p><strong>Fasadsystem St\u00e5l i Bor\u00e5s AB<\/strong><br \/>\nHagv\u00e4gen 3,<br \/>\n516 34 DALSJ\u00d6FORS<br \/>\nTel. 033 \u2013 27 14 10<br \/>\n<a href=\"mailto:lennart@fasadsystemstal.se\">lennart@fasadsystemstal.se<\/a><br \/>\n<a href=\"http:\/\/www.fasadsystemstal.se\">www.fasadsystemstal.se<\/a><\/p>\n<p><strong>Hovmaporten AB<\/strong><br \/>\nJ\u00e4rnv\u00e4gsgatan 15,<br \/>\n360 51 HOVMANTORP<br \/>\nTel. 0478 \u2013 405 63<br \/>\n<a href=\"mailto:info@hovmaporten.se\">info@hovmaporten.se<\/a><br \/>\n<a href=\"http:\/\/www.hovmaporten.se\" target=\"_blank\" rel=\"noopener noreferrer\">www.hovmaporten.se<\/a><\/p>\n<p><strong>J Norrman Pl\u00e5t och Smide AB<\/strong><br \/>\nD\u00e5ntorpsv\u00e4gen 37,<br \/>\n136 50 HANINGE<br \/>\nTel. 08 \u2013 500 125 60<\/p>\n<p><strong>J\u00e4rnet Smide AB<\/strong><br \/>\nBj\u00f6rkholmsv\u00e4gen 19,<br \/>\n141 46 HUDDINGE<br \/>\nTel. 08 \u2013 779 30 80<br \/>\n<a href=\"mailto:fredrik@jarnetsmide.se\">fredrik@jarnetsmide.se<\/a><br \/>\n<a href=\"http:\/\/www.jarnetsmide.se\" target=\"_blank\" rel=\"noopener noreferrer\">www.jarnetsmide.se<\/a><\/p>\n<p><strong>A Lundgren Smide AB<\/strong><br \/>\nBox 1361,<br \/>\n172 27 SUNDBYBERG<br \/>\nTel. 08 \u2013 564 805 90<br \/>\n<a href=\"mailto:info@smide.com\">info@smide.com<\/a><br \/>\n<a href=\"http:\/\/www.smide.com\" target=\"_blank\" rel=\"noopener noreferrer\">www.smide.com<\/a><\/p>\n<p><strong>Tollor AB<\/strong><br \/>\nHildedalsgatan 12,<br \/>\n417 05 G\u00d6TEBORG<br \/>\nTel. 031 55 15 50<br \/>\n<a href=\"mailto:info@tollor.se\">info@tollor.se<\/a><br \/>\n<a href=\"http:\/\/www.tollor.se\" target=\"_blank\" rel=\"noopener noreferrer\">www.tollor.se<\/a><\/p>\n<p><strong>Maxidoor AB<\/strong><br \/>\nNorra Bangatan 46,<br \/>\n718 32 FR\u00d6VI<br \/>\nTel. 0581 \u2013 377 80<br \/>\n<a href=\"mailto:info@maxidoor.se\">info@maxidoor.se<\/a><br \/>\n<a href=\"http:\/\/www.maxidoor.se\" target=\"_blank\" rel=\"noopener noreferrer\">www.maxidoor.se<\/a><\/p>\n<p><strong>Pl\u00e5t &amp; St\u00e5ldesign AB<\/strong><br \/>\nBrandthovdagatan 24A,<br \/>\n721 35 V\u00c4STER\u00c5S<br \/>\nTel. 021 \u2013 10 37 50<br \/>\n<a href=\"mailto:macke@psdab.se\">macke@psdab.se<\/a><br \/>\n<a href=\"http:\/\/www.psdab.se\" target=\"_blank\" rel=\"noopener noreferrer\">www.psdab.se<\/a><\/p>\n<p>[\/vc_column_text][\/vc_column][vc_column width=&#8221;1\/2&#8243;][vc_column_text]<strong>SN St\u00e5lfasader Holding AB<\/strong><br \/>\nBlejden, Stenberga,<br \/>\n574 97 VETLANDA<br \/>\nTel. 0383 \u2013 850 35<br \/>\n<a href=\"mailto:info@snstalfasader.se\">info@snstalfasader.se<\/a><br \/>\n<a href=\"http:\/\/www.snstalfasader.se\" target=\"_blank\" rel=\"noopener noreferrer\">www.snstalfasader.se<\/a><\/p>\n<p><strong>PMC AB<\/strong><br \/>\nSandlycke 8,<br \/>\n647 95 \u00c5KERS STYCKEBRUK<br \/>\nTel. 0707 \u2013 44 28 49<br \/>\n<a href=\"mailto:info@pmcab.se\">info@pmcab.se<\/a><br \/>\n<a href=\"http:\/\/www.pmcab.se\" target=\"_blank\" rel=\"noopener noreferrer\">www.pmcab.se<\/a><\/p>\n<p><strong>Arton:1 Projekt AB<\/strong><br \/>\nSl\u00f6jdgatan 8,<br \/>\n703 83 \u00d6REBRO<br \/>\nTel. 019 &#8211; 277 31 01<br \/>\n<a href=\"mailto:mattias@arton1.se\">mattias@arton1.se<\/a><br \/>\n<a href=\"http:\/\/www.arton1.se\/\">www.arton1.se<\/a><\/p>\n<p><strong>Smidesbolaget i Stockholm AB<\/strong><br \/>\nAlbyv\u00e4gen 40,<br \/>\n145 04 NORSBORG<br \/>\nTel. 08-721 93 50<br \/>\n<a href=\"mailto:info@smidesbolaget.com\">info@smidesbolaget.com<\/a><br \/>\n<a href=\"http:\/\/www.smidesbolaget.se\" target=\"_blank\" rel=\"noopener noreferrer\">www.smidesbolaget.se<\/a><\/p>\n<p><strong>Regan AB<\/strong><br \/>\nOrrspelsv\u00e4gen 56,<br \/>\n240 14 VEBER\u00d6D<br \/>\nTel. 046 \u2013 857 60<br \/>\n<a href=\"mailto:regan.ab@telia.com\">regan.ab@telia.com<\/a><br \/>\n<a href=\"http:\/\/www.regan.se\" target=\"_blank\" rel=\"noopener noreferrer\">www.regan.se<\/a><\/p>\n<p><strong>SPINAB (St\u00e5lpartier i Norr AB)<\/strong><br \/>\nKabelgatan 9<br \/>\n943 31 \u00d6JEBYN<br \/>\nTel. 0911 21 22 23<br \/>\n<a href=\"mailto:offert@spinab.com\">offert@spinab.com<\/a><br \/>\n<a href=\"https:\/\/www.spinab.com\/\" target=\"_blank\" rel=\"noopener\">www.spinab.com<\/a><\/p>\n<p><strong>D\u00f6rrsnabben i Stockholm AB<\/strong><br \/>\nVinterv\u00e4gen 10<br \/>\nSE-135 40 Tyres\u00f6<br \/>\nTel. 08-742 21 00<br \/>\n<a href=\"mailto:info@dorrsnabben.se\">info@dorrsnabben.se<\/a><br \/>\n<u><\/u><u><\/u><a href=\"http:\/\/www.dorrsnabben.se\/\">www.dorrsnabben.se<\/a><\/p>\n<p><strong>*St\u00e5lmontage<\/strong><br \/>\nBruttov\u00e4gen 4,<br \/>\n175 43 J\u00c4RF\u00c4LLA<br \/>\nTel. 08 \u2013 89 68 00<br \/>\n<a href=\"mailto:staldesign@telia.com\">staldesign@telia.com<\/a>[\/vc_column_text][\/vc_column][\/vc_row][vc_row][vc_column width=&#8221;1\/1&#8243;][vc_column_text]*) Tillverkare markerade med * har inte g\u00e4llande beslut om Tillverkningskontroll utf\u00e4rdat av RI.SE[\/vc_column_text][\/vc_column][\/vc_row]<\/p>\n<\/div>","protected":false},"excerpt":{"rendered":"<p>[vc_row][vc_column width=&#8221;1\/1&#8243;][vc_column_text] Manufacturers in Sweden [\/vc_column_text][\/vc_column][\/vc_row][vc_row top_padding=&#8221;40px&#8221;][vc_column width=&#8221;1\/1&#8243;][vc_column_text]This is a list of manufacturers of our profiles in Sweden. The manufacturers are under third-party control by RI.SE in order to produce and label fire-rated sections according to Type Approval Certificates. Click here to download our manufacturer list as a PDF[\/vc_column_text][\/vc_column][\/vc_row][vc_row][vc_column width=&#8221;1\/1&#8243;][vc_column_text] [\/vc_column_text][\/vc_column][\/vc_row][vc_row][vc_column width=&#8221;1\/2&#8243;][vc_column_text]ALAB Karlsviken 102, 890 54 TREH\u00d6RNINGSJ\u00d6 Tel. 0662 \u2013 51 21 00 info@alab.com www.alab.com EAB AB St\u00e5lgatan 2, 333 33 SM\u00c5LANDSSTENAR Tel. 0371 \u2013 34 000 info@eab.se www.eab.se Fasadsystem St\u00e5l i Bor\u00e5s AB Hagv\u00e4gen 3, 516 34 DALSJ\u00d6FORS Tel. 033 \u2013 27 14 10 lennart@fasadsystemstal.se www.fasadsystemstal.se Hovmaporten AB J\u00e4rnv\u00e4gsgatan 15, 360 51 HOVMANTORP Tel. 0478 \u2013 405 63 info@hovmaporten.se www.hovmaporten.se J Norrman Pl\u00e5t och Smide AB D\u00e5ntorpsv\u00e4gen 37, 136 50 HANINGE Tel. 08 \u2013 500 125 60 J\u00e4rnet Smide AB Bj\u00f6rkholmsv\u00e4gen 19, 141 46 HUDDINGE Tel. 08 \u2013 779 30 80 fredrik@jarnetsmide.se www.jarnetsmide.se A Lundgren Smide AB Box 1361, 172 27 SUNDBYBERG Tel. 08 \u2013 564 805 90 info@smide.com www.smide.com Tollor AB Hildedalsgatan 12, 417 05 G\u00d6TEBORG Tel. 031 55 15 50 info@tollor.se www.tollor.se Maxidoor AB Norra Bangatan 46, 718 32 FR\u00d6VI Tel. 0581 \u2013 377 80 info@maxidoor.se www.maxidoor.se Pl\u00e5t &amp; St\u00e5ldesign AB Brandthovdagatan 24A, 721 35 V\u00c4STER\u00c5S Tel. [&hellip;]<\/p>\n","protected":false},"author":1,"featured_media":0,"parent":1055,"menu_order":0,"comment_status":"closed","ping_status":"closed","template":"","meta":{"footnotes":""},"class_list":["post-1067","page","type-page","status-publish","hentry"],"_links":{"self":[{"href":"https:\/\/www.stalprofil.se\/en\/wp-json\/wp\/v2\/pages\/1067","targetHints":{"allow":["GET"]}}],"collection":[{"href":"https:\/\/www.stalprofil.se\/en\/wp-json\/wp\/v2\/pages"}],"about":[{"href":"https:\/\/www.stalprofil.se\/en\/wp-json\/wp\/v2\/types\/page"}],"author":[{"embeddable":true,"href":"https:\/\/www.stalprofil.se\/en\/wp-json\/wp\/v2\/users\/1"}],"replies":[{"embeddable":true,"href":"https:\/\/www.stalprofil.se\/en\/wp-json\/wp\/v2\/comments?post=1067"}],"version-history":[{"count":9,"href":"https:\/\/www.stalprofil.se\/en\/wp-json\/wp\/v2\/pages\/1067\/revisions"}],"predecessor-version":[{"id":4784,"href":"https:\/\/www.stalprofil.se\/en\/wp-json\/wp\/v2\/pages\/1067\/revisions\/4784"}],"up":[{"embeddable":true,"href":"https:\/\/www.stalprofil.se\/en\/wp-json\/wp\/v2\/pages\/1055"}],"wp:attachment":[{"href":"https:\/\/www.stalprofil.se\/en\/wp-json\/wp\/v2\/media?parent=1067"}],"curies":[{"name":"wp","href":"https:\/\/api.w.org\/{rel}","templated":true}]}}