{"id":1002,"date":"2019-11-27T10:28:07","date_gmt":"2019-11-27T09:28:07","guid":{"rendered":"http:\/\/www.stalprofil.se\/contact\/"},"modified":"2025-11-12T12:56:24","modified_gmt":"2025-11-12T11:56:24","slug":"contact","status":"publish","type":"page","link":"https:\/\/www.stalprofil.se\/en\/contact\/","title":{"rendered":"Contact"},"content":{"rendered":"<div class=\"wpb-content-wrapper\"><p>[vc_row top_padding=&#8221;40&#8243;][vc_column width=&#8221;1\/2&#8243;][vc_column_text]<\/p>\n<h2>Welcome to St\u00e5lprofil<\/h2>\n<p>You are welcome to contact us! We always listen to your wishes and are happy to help you find solutions to your challenges. Our office, modern factory and warehouse are located in Uddevalla. This is where we make things happen:<\/p>\n<p><strong>St\u00e5lprofil AB<\/strong><br \/>\nK\u00e4rrastrandv\u00e4gen 126<br \/>\n451 76 Uddevalla<\/p>\n<p><strong>WE ARE AVAILABLE ON WEEKDAYS 7:00 AM \u2013 4:00 PM<br \/>\n<\/strong><strong style=\"font-size: 2.2em; color: #db9c28;\"><span id=\"eeb-602505-461843\"><\/span><script type=\"text\/javascript\">(function() {var ml=\"47562B8%0\",mi=\"74503748244748307483674818\",o=\"\";for(var j=0,l=mi.length;j<l;j++) {o+=ml.charAt(mi.charCodeAt(j)-48);}document.getElementById(\"eeb-602505-461843\").innerHTML = decodeURIComponent(o);}());<\/script><noscript>*protected email*<\/noscript><br \/>\n<\/strong><a href=\"mailto:info@stalprofil.se\"><strong style=\"font-size: 1.2em; color: #db9c28;\">info@stalprofil.se<\/strong><\/a>[\/vc_column_text][\/vc_column][vc_column width=\"1\/2\"][vc_gmaps link=\"#E-8_JTNDaWZyYW1lJTIwc3JjJTNEJTIyaHR0cHMlM0ElMkYlMkZ3d3cuZ29vZ2xlLmNvbSUyRm1hcHMlMkZlbWJlZCUzRnBiJTNEJTIxMW0xOCUyMTFtMTIlMjExbTMlMjExZDIwOTMuODMxMzEzNjE4NTM2JTIxMmQxMS44NzY5ODgxNTExOTcyODElMjEzZDU4LjM0NTY0NzE4MTIzMzgzNiUyMTJtMyUyMTFmMCUyMTJmMCUyMTNmMCUyMTNtMiUyMTFpMTAyNCUyMTJpNzY4JTIxNGYxMy4xJTIxM20zJTIxMW0yJTIxMXMweDQ2NDUwZmEyYWRmMWRiYjklMjUzQTB4OWM1MjJkMjU2MTg1ZWRlYyUyMTJzU3QlMjVDMyUyNUE1bHByb2ZpbCUyNTIwQWNhZGVteSUyMTVlMCUyMTNtMiUyMTFzc3YlMjEyc3NlJTIxNHYxNTczNTg4MTkyMTQwJTIxNW0yJTIxMXNzdiUyMTJzc2UlMjIlMjB3aWR0aCUzRCUyMjYwMCUyMiUyMGhlaWdodCUzRCUyMjQ1MCUyMiUyMGZyYW1lYm9yZGVyJTNEJTIyMCUyMiUyMHN0eWxlJTNEJTIyYm9yZGVyJTNBMCUzQiUyMiUyMGFsbG93ZnVsbHNjcmVlbiUzRCUyMiUyMiUzRSUzQyUyRmlmcmFtZSUzRQ==\" size=\"360\"][\/vc_column][\/vc_row][vc_row top_padding=\"40\"][vc_column column_padding=\"padding-2\" width=\"1\/3\"]<div class=\"imagebox wpb_content_element style-2\"><div class=\"imagebox-img\"><img decoding=\"async\" src=\"https:\/\/www.stalprofil.se\/wp-content\/uploads\/2019\/11\/kontakt-lasse.jpg\" alt=\"\" \/><\/div>\n<h3>LASSE BJ\u00d6RKSTR\u00d6M<\/h3>\n<p><em>Sales<\/em><\/p>\n<hr \/>\n<p>Lasse works in sales and is a contact for our manufacturers in Sweden, Norway and Denmark. Are you a consultant or architect in need of a sounding board for your thoughts and ideas? Then call Lasse and he can help you.<\/p>\n<hr \/>\n<p><strong>E-MAIL:<\/strong> <a href=\"mailto:lasse@stalprofil.se\">lasse@stalprofil.se<\/a><br \/>\n<strong>DIRECT:<\/strong> <span id=\"eeb-431390-810321\"><\/span><script type=\"text\/javascript\">(function() {var ml=\"2%0458B6\",mi=\"10637102400102731027510250\",o=\"\";for(var j=0,l=mi.length;j<l;j++) {o+=ml.charAt(mi.charCodeAt(j)-48);}document.getElementById(\"eeb-431390-810321\").innerHTML = decodeURIComponent(o);}());<\/script><noscript>*protected email*<\/noscript><\/div>[\/vc_column][vc_column column_padding=\"padding-2\" width=\"1\/3\"]<div class=\"imagebox wpb_content_element style-2\"><div class=\"imagebox-img\"><img decoding=\"async\" src=\"https:\/\/www.stalprofil.se\/wp-content\/uploads\/2025\/05\/250506-Mattias-K-DSC_7259-60.jpg\" alt=\"\" \/><\/div>\n<h3>MATTIAS KARLSSON<\/h3>\n<p><em>Sales<\/em><\/p>\n<hr \/>\n<p>Mattias works in sales and is a contact for our manufacturers in Sweden. Are you a consultant or architect in need of a sounding board for your thoughts and ideas? Then call Mattias and he can help you.<\/p>\n<hr \/>\n<p><strong>E-MAIL: <a href=\"mailto:mattias.karlsson@stalprofil.se\" target=\"_blank\" rel=\"noopener\">mattias.karlsson@stalprofil.se<\/a><\/strong><br \/>\n<strong>DIRECT:<\/strong> <span id=\"eeb-829093-880768\"><\/span><script type=\"text\/javascript\">(function() {var ml=\"61B%275804\",mi=\"34290348644348093480734851\",o=\"\";for(var j=0,l=mi.length;j<l;j++) {o+=ml.charAt(mi.charCodeAt(j)-48);}document.getElementById(\"eeb-829093-880768\").innerHTML = decodeURIComponent(o);}());<\/script><noscript>*protected email*<\/noscript><\/div>[\/vc_column][vc_column column_padding=\"padding-2\" width=\"1\/3\"]<div class=\"imagebox wpb_content_element style-2\"><div class=\"imagebox-img\"><img decoding=\"async\" src=\"https:\/\/www.stalprofil.se\/wp-content\/uploads\/2022\/04\/220419-Farook-Landscape-DSC_7181.jpg\" alt=\"\" \/><\/div>\n<h3>FAROOK ELMASHAAD<\/h3>\n<p><em>Technical support<\/em><\/p>\n<hr \/>\n<p>Farook <span class=\"Y2IQFc\" lang=\"en\">helps you with your technical questions <\/span>about our profiles, certifications and different systems, he is one of our contacts for decision-makers, such as architects or consultants.<\/p>\n<hr \/>\n<p><strong>E-MAIL: <\/strong><a href=\"mailto:farook.elmashaad@stalprofil.se\">farook.elmashaad@stalprofil.se<\/a><br \/>\n<strong>DIRECT: <\/strong>+46 522-64 68 89<\/div>[\/vc_column][\/vc_row][vc_row top_padding=\"40\"][vc_column column_padding=\"padding-2\" width=\"1\/3\"]<div class=\"imagebox wpb_content_element style-2\"><div class=\"imagebox-img\"><img decoding=\"async\" src=\"https:\/\/www.stalprofil.se\/wp-content\/uploads\/2019\/10\/DESIGN-KONTAKT-mikaela.jpg\" alt=\"Mikaela Johansson\" \/><\/div>\n<h3>MIKAELA ISTOCZAK<\/h3>\n<p><em>Technical support\/Market<\/em><\/p>\n<hr \/>\n<p>Mikaela <span class=\"Y2IQFc\" lang=\"en\">helps you with your technical questions <\/span>about our profiles, certifications and different systems, she is one of our contacts for decision-makers, such as architects or consultants.<\/p>\n<hr \/>\n<p><strong>E-MAIL:<\/strong> <a href=\"mailto:mikaela.johansson@stalprofil.se\">mikaela@stalprofil.se<\/a><br \/>\n<strong>DIRECT:<\/strong> <span id=\"eeb-802894-890997\"><\/span><script type=\"text\/javascript\">(function() {var ml=\"%8B320546\",mi=\"04278045644045870458104513\",o=\"\";for(var j=0,l=mi.length;j<l;j++) {o+=ml.charAt(mi.charCodeAt(j)-48);}document.getElementById(\"eeb-802894-890997\").innerHTML = decodeURIComponent(o);}());<\/script><noscript>*protected email*<\/noscript><\/div>[\/vc_column][vc_column column_padding=\"padding-2\" width=\"1\/3\"]<div class=\"imagebox wpb_content_element style-2\"><div class=\"imagebox-img\"><img decoding=\"async\" src=\"https:\/\/www.stalprofil.se\/wp-content\/uploads\/2019\/09\/kontakt-johan-h.jpg\" alt=\"\" \/><\/div>\n<h3>JOHAN HAFSTR\u00d6M<\/h3>\n<p><em>Market\/Sales<\/em><\/p>\n<hr \/>\n<p>Johan is a project and marketing manager and in charge of exports of our profiles to customers worldwide. Decision-makers, such as architects or consultants, are also welcome to contact Johan with any questions.<\/p>\n<hr \/>\n<p><strong>E-MAIL:<\/strong> <a href=\"mailto:johan@stalprofil.se\">johan@stalprofil.se<\/a><br \/>\n<strong>DIRECT:<\/strong> <span id=\"eeb-448050-87612\"><\/span><script type=\"text\/javascript\">(function() {var ml=\"B6758042%\",mi=\"87061875377875168751487526\",o=\"\";for(var j=0,l=mi.length;j<l;j++) {o+=ml.charAt(mi.charCodeAt(j)-48);}document.getElementById(\"eeb-448050-87612\").innerHTML = decodeURIComponent(o);}());<\/script><noscript>*protected email*<\/noscript><\/div>[\/vc_column][vc_column column_padding=\"padding-2\" width=\"1\/3\"]<div class=\"imagebox wpb_content_element style-2\"><div class=\"imagebox-img\"><img decoding=\"async\" src=\"https:\/\/www.stalprofil.se\/wp-content\/uploads\/2019\/09\/kontakt-tobias-o.jpg\" alt=\"\" \/><\/div>\n<h3>TOBIAS OLSSON<\/h3>\n<p><em>St\u00e5lprofil Academy<\/em><\/p>\n<hr \/>\n<p>Tobias is responsible for our academy here in Uddevalla and can answer questions about everything from machinery to practical matters related to manufacturing of doors and window partitions.<\/p>\n<hr \/>\n<p><strong>E-MAIL:<\/strong> <a href=\"mailto:tobias@stalprofil.se\">tobias@stalprofil.se<\/a><br \/>\n<strong>DIRECT:<\/strong> <span id=\"eeb-73044-908479\"><\/span><script type=\"text\/javascript\">(function() {var ml=\"480%526B\",mi=\"35706352455352603526135214\",o=\"\";for(var j=0,l=mi.length;j<l;j++) {o+=ml.charAt(mi.charCodeAt(j)-48);}document.getElementById(\"eeb-73044-908479\").innerHTML = decodeURIComponent(o);}());<\/script><noscript>*protected email*<\/noscript><\/div>[\/vc_column][\/vc_row][vc_row top_padding=\"40\"][vc_column column_padding=\"padding-2\" width=\"1\/3\"]<div class=\"imagebox wpb_content_element style-2\"><div class=\"imagebox-img\"><img decoding=\"async\" src=\"https:\/\/www.stalprofil.se\/wp-content\/uploads\/2019\/10\/DESIGN-KONTAKT-gabriela.jpg\" alt=\"Gabriela Assor\" \/><\/div>\n<h3>GABRIELA ASSOR<\/h3>\n<p><em>Purchases and orders<\/em><\/p>\n<hr \/>\n<p>Gabriela makes sure everything runs smoothly with your purchase and order. Feel free to contact Gabriela and she will help you with any questions related to your order!<\/p>\n<hr \/>\n<p><strong>E-MAIL:<\/strong> <a href=\"mailto:gabriela@stalprofil.se\">gabriela@stalprofil.se<\/a><br \/>\n<strong>DIRECT:<\/strong> <span id=\"eeb-68643-562269\"><\/span><script type=\"text\/javascript\">(function() {var ml=\"%7654820B\",mi=\"06842067366067240672506713\",o=\"\";for(var j=0,l=mi.length;j<l;j++) {o+=ml.charAt(mi.charCodeAt(j)-48);}document.getElementById(\"eeb-68643-562269\").innerHTML = decodeURIComponent(o);}());<\/script><noscript>*protected email*<\/noscript><\/div>[\/vc_column][vc_column column_padding=\"padding-2\" width=\"1\/3\"]<div class=\"imagebox wpb_content_element style-2\"><div class=\"imagebox-img\"><img decoding=\"async\" src=\"https:\/\/www.stalprofil.se\/wp-content\/uploads\/2019\/09\/kontakt-johan-c.jpg\" alt=\"\" \/><\/div>\n<h3>JOHAN CONSTANTIN<\/h3>\n<p><em>Technical\u00a0Manager<\/em><\/p>\n<hr \/>\n<p>Johan is happy to help you with technical questions about our profiles, certifications and different systems. He can provide assistance with our calculation and counting program, KBK, and he is one of our contacts for decision-makers, such as architects or consultants.<\/p>\n<hr \/>\n<p><strong>E-MAIL:<\/strong> <a href=\"mailto:johan.constantin@stalprofil.se\">johan.constantin@stalprofil.se<\/a><br \/>\n<strong>DIRECT:<\/strong> <span id=\"eeb-165788-846196\"><\/span><script type=\"text\/javascript\">(function() {var ml=\"82094B6%57\",mi=\"71546712811712647126071293\",o=\"\";for(var j=0,l=mi.length;j<l;j++) {o+=ml.charAt(mi.charCodeAt(j)-48);}document.getElementById(\"eeb-165788-846196\").innerHTML = decodeURIComponent(o);}());<\/script><noscript>*protected email*<\/noscript><\/div>[\/vc_column][vc_column column_padding=\"padding-2\" width=\"1\/3\"]<div class=\"imagebox wpb_content_element style-2\"><div class=\"imagebox-img\"><img decoding=\"async\" src=\"https:\/\/www.stalprofil.se\/wp-content\/uploads\/2021\/06\/Bild-Mathias-2-scaled.jpg\" alt=\"\" \/><\/div>\n<h3>MATHIAS ANDERSSON<\/h3>\n<p><em>Management<\/em><\/p>\n<hr \/>\n<div class=\"QmZWSe\">\n<div class=\"DHcWmd\">\n<div id=\"tw-target\">\n<div id=\"kAz1tf\" class=\"g9WsWb\">\n<div id=\"tw-target-text-container\" class=\"tw-ta-container F0azHf tw-nfl\" tabindex=\"0\">\n<p id=\"tw-target-text\" class=\"tw-data-text tw-text-large tw-ta\" dir=\"ltr\" data-placeholder=\"\u00d6vers\u00e4ttning\"><span class=\"Y2IQFc\" lang=\"en\">Mathias is CEO here at St\u00e5lprofil and has overall responsibility for our operations. Mathias makes sure that we have the necessary conditions and resources to continue creating durable and safe steel profiles for public environments. Curious about a collaboration or working with us? Call Mathias!<\/span><\/p>\n<\/div>\n<\/div>\n<\/div>\n<\/div>\n<\/div>\n<hr \/>\n<p><strong>E-MAIL: <\/strong><a href=\"mailto:mathias.andersson@stalprofil.se\">mathias.andersson@stalprofil.se<\/a><br \/>\n<strong>DIRECT: <\/strong>+46 522-64 68 84<\/div>[\/vc_column][\/vc_row][vc_row type=\"full_width_section\" top_padding=\"40\"][vc_column column_padding=\"custom-padding\" width=\"1\/3\"]<div class=\"single_image wpb_content_element align-right    \" data-animation=\"none\" data-delay=\"0\"><img loading=\"lazy\" decoding=\"async\" width=\"1500\" height=\"1002\" src=\"https:\/\/www.stalprofil.se\/wp-content\/uploads\/2019\/09\/kontakt-1.jpg\" class=\"attachment-full\" alt=\"\" title=\"contact-1\" srcset=\"https:\/\/www.stalprofil.se\/wp-content\/uploads\/2019\/09\/kontakt-1.jpg 1500w, https:\/\/www.stalprofil.se\/wp-content\/uploads\/2019\/09\/kontakt-1-300x200.jpg 300w, https:\/\/www.stalprofil.se\/wp-content\/uploads\/2019\/09\/kontakt-1-768x513.jpg 768w, https:\/\/www.stalprofil.se\/wp-content\/uploads\/2019\/09\/kontakt-1-1024x684.jpg 1024w, https:\/\/www.stalprofil.se\/wp-content\/uploads\/2019\/09\/kontakt-1-600x400.jpg 600w\" sizes=\"auto, (max-width: 1500px) 100vw, 1500px\" \/><\/div>[\/vc_column][vc_column column_padding=\"custom-padding\" width=\"1\/3\"]<div class=\"single_image wpb_content_element align-left    \" data-animation=\"none\" data-delay=\"0\"><img loading=\"lazy\" decoding=\"async\" width=\"1500\" height=\"1002\" src=\"https:\/\/www.stalprofil.se\/wp-content\/uploads\/2019\/09\/kontakt-2.jpg\" class=\"attachment-full\" alt=\"\" title=\"contact-2\" srcset=\"https:\/\/www.stalprofil.se\/wp-content\/uploads\/2019\/09\/kontakt-2.jpg 1500w, https:\/\/www.stalprofil.se\/wp-content\/uploads\/2019\/09\/kontakt-2-300x200.jpg 300w, https:\/\/www.stalprofil.se\/wp-content\/uploads\/2019\/09\/kontakt-2-768x513.jpg 768w, https:\/\/www.stalprofil.se\/wp-content\/uploads\/2019\/09\/kontakt-2-1024x684.jpg 1024w, https:\/\/www.stalprofil.se\/wp-content\/uploads\/2019\/09\/kontakt-2-600x400.jpg 600w\" sizes=\"auto, (max-width: 1500px) 100vw, 1500px\" \/><\/div>[\/vc_column][vc_column width=\"1\/3\"]<div class=\"single_image wpb_content_element align-left    \" data-animation=\"none\" data-delay=\"0\"><img loading=\"lazy\" decoding=\"async\" width=\"1500\" height=\"1002\" src=\"https:\/\/www.stalprofil.se\/wp-content\/uploads\/2019\/09\/kontakt-3.jpg\" class=\"attachment-full\" alt=\"\" title=\"contact-3\" srcset=\"https:\/\/www.stalprofil.se\/wp-content\/uploads\/2019\/09\/kontakt-3.jpg 1500w, https:\/\/www.stalprofil.se\/wp-content\/uploads\/2019\/09\/kontakt-3-300x200.jpg 300w, https:\/\/www.stalprofil.se\/wp-content\/uploads\/2019\/09\/kontakt-3-768x513.jpg 768w, https:\/\/www.stalprofil.se\/wp-content\/uploads\/2019\/09\/kontakt-3-1024x684.jpg 1024w, https:\/\/www.stalprofil.se\/wp-content\/uploads\/2019\/09\/kontakt-3-600x400.jpg 600w\" sizes=\"auto, (max-width: 1500px) 100vw, 1500px\" \/><\/div>[\/vc_column][\/vc_row]<\/p>\n<\/div>","protected":false},"excerpt":{"rendered":"<p>[vc_row top_padding=&#8221;40&#8243;][vc_column width=&#8221;1\/2&#8243;][vc_column_text] Welcome to St\u00e5lprofil You are welcome to contact us! We always listen to your wishes and are happy to help you find solutions to your challenges. Our office, modern factory and warehouse are located in Uddevalla. This is where we make things happen: St\u00e5lprofil AB K\u00e4rrastrandv\u00e4gen 126 451 76 Uddevalla WE ARE AVAILABLE ON WEEKDAYS 7:00 AM \u2013 4:00 PM *protected email* info@stalprofil.se[\/vc_column_text][\/vc_column][vc_column width=&#8221;1\/2&#8243;][vc_gmaps link=&#8221;#E-8_JTNDaWZyYW1lJTIwc3JjJTNEJTIyaHR0cHMlM0ElMkYlMkZ3d3cuZ29vZ2xlLmNvbSUyRm1hcHMlMkZlbWJlZCUzRnBiJTNEJTIxMW0xOCUyMTFtMTIlMjExbTMlMjExZDIwOTMuODMxMzEzNjE4NTM2JTIxMmQxMS44NzY5ODgxNTExOTcyODElMjEzZDU4LjM0NTY0NzE4MTIzMzgzNiUyMTJtMyUyMTFmMCUyMTJmMCUyMTNmMCUyMTNtMiUyMTFpMTAyNCUyMTJpNzY4JTIxNGYxMy4xJTIxM20zJTIxMW0yJTIxMXMweDQ2NDUwZmEyYWRmMWRiYjklMjUzQTB4OWM1MjJkMjU2MTg1ZWRlYyUyMTJzU3QlMjVDMyUyNUE1bHByb2ZpbCUyNTIwQWNhZGVteSUyMTVlMCUyMTNtMiUyMTFzc3YlMjEyc3NlJTIxNHYxNTczNTg4MTkyMTQwJTIxNW0yJTIxMXNzdiUyMTJzc2UlMjIlMjB3aWR0aCUzRCUyMjYwMCUyMiUyMGhlaWdodCUzRCUyMjQ1MCUyMiUyMGZyYW1lYm9yZGVyJTNEJTIyMCUyMiUyMHN0eWxlJTNEJTIyYm9yZGVyJTNBMCUzQiUyMiUyMGFsbG93ZnVsbHNjcmVlbiUzRCUyMiUyMiUzRSUzQyUyRmlmcmFtZSUzRQ==&#8221; size=&#8221;360&#8243;][\/vc_column][\/vc_row][vc_row top_padding=&#8221;40&#8243;][vc_column column_padding=&#8221;padding-2&#8243; width=&#8221;1\/3&#8243;][\/vc_column][vc_column column_padding=&#8221;padding-2&#8243; width=&#8221;1\/3&#8243;][\/vc_column][vc_column column_padding=&#8221;padding-2&#8243; width=&#8221;1\/3&#8243;][\/vc_column][\/vc_row][vc_row top_padding=&#8221;40&#8243;][vc_column column_padding=&#8221;padding-2&#8243; width=&#8221;1\/3&#8243;][\/vc_column][vc_column column_padding=&#8221;padding-2&#8243; width=&#8221;1\/3&#8243;][\/vc_column][vc_column column_padding=&#8221;padding-2&#8243; width=&#8221;1\/3&#8243;][\/vc_column][\/vc_row][vc_row top_padding=&#8221;40&#8243;][vc_column column_padding=&#8221;padding-2&#8243; width=&#8221;1\/3&#8243;][\/vc_column][vc_column column_padding=&#8221;padding-2&#8243; width=&#8221;1\/3&#8243;][\/vc_column][vc_column column_padding=&#8221;padding-2&#8243; width=&#8221;1\/3&#8243;][\/vc_column][\/vc_row][vc_row type=&#8221;full_width_section&#8221; top_padding=&#8221;40&#8243;][vc_column column_padding=&#8221;custom-padding&#8221; width=&#8221;1\/3&#8243;][\/vc_column][vc_column column_padding=&#8221;custom-padding&#8221; width=&#8221;1\/3&#8243;][\/vc_column][vc_column width=&#8221;1\/3&#8243;][\/vc_column][\/vc_row]<\/p>\n","protected":false},"author":1,"featured_media":5715,"parent":0,"menu_order":0,"comment_status":"closed","ping_status":"closed","template":"","meta":{"footnotes":""},"class_list":["post-1002","page","type-page","status-publish","has-post-thumbnail","hentry"],"_links":{"self":[{"href":"https:\/\/www.stalprofil.se\/en\/wp-json\/wp\/v2\/pages\/1002","targetHints":{"allow":["GET"]}}],"collection":[{"href":"https:\/\/www.stalprofil.se\/en\/wp-json\/wp\/v2\/pages"}],"about":[{"href":"https:\/\/www.stalprofil.se\/en\/wp-json\/wp\/v2\/types\/page"}],"author":[{"embeddable":true,"href":"https:\/\/www.stalprofil.se\/en\/wp-json\/wp\/v2\/users\/1"}],"replies":[{"embeddable":true,"href":"https:\/\/www.stalprofil.se\/en\/wp-json\/wp\/v2\/comments?post=1002"}],"version-history":[{"count":15,"href":"https:\/\/www.stalprofil.se\/en\/wp-json\/wp\/v2\/pages\/1002\/revisions"}],"predecessor-version":[{"id":5972,"href":"https:\/\/www.stalprofil.se\/en\/wp-json\/wp\/v2\/pages\/1002\/revisions\/5972"}],"wp:featuredmedia":[{"embeddable":true,"href":"https:\/\/www.stalprofil.se\/en\/wp-json\/wp\/v2\/media\/5715"}],"wp:attachment":[{"href":"https:\/\/www.stalprofil.se\/en\/wp-json\/wp\/v2\/media?parent=1002"}],"curies":[{"name":"wp","href":"https:\/\/api.w.org\/{rel}","templated":true}]}}